{"id":195,"date":"2018-04-13T12:32:12","date_gmt":"2018-04-13T15:32:12","guid":{"rendered":"http:\/\/www.nsmg.com.ar\/WP\/?page_id=195"},"modified":"2018-04-23T08:23:41","modified_gmt":"2018-04-23T11:23:41","slug":"proyecto-educativo","status":"publish","type":"page","link":"https:\/\/www.nsmg.com.ar\/WP\/proyecto-educativo\/","title":{"rendered":"Proyecto Educativo"},"content":{"rendered":"<p><!--vcv no format--><\/p>\n<div class=\"vce-row-container\">\n<div id=\"el-363c28d3\" class=\"vce-row vce-row--col-gap-30 vce-row-columns--top vce-row-content--top\" data-vce-do-apply=\"all el-363c28d3\">\n<div class=\"vce-row-content\" data-vce-element-content=\"true\">\n<div id=\"el-4505702e\" class=\"vce-col vce-col--md-100p vce-col--xs-1 vce-col--xs-last vce-col--xs-first vce-col--sm-last vce-col--sm-first vce-col--md-last vce-col--lg-last vce-col--xl-last vce-col--md-first vce-col--lg-first vce-col--xl-first\" data-vce-do-apply=\"background border el-4505702e\">\n<div class=\"vce-col-inner\" data-vce-element-content=\"true\" data-vce-do-apply=\"padding margin el-4505702e\">\n<div class=\"vce-text-block\">\n<div id=\"el-b0353392\" class=\"vce-text-block-wrapper vce\" data-vce-do-apply=\"all el-b0353392\">\n<p>Ofrecemos servicios educativos en la modalidad de\u00a0educaci\u00f3n com\u00fan en 3 niveles: jardin de infantes, nivel primario y nivel secundario. Educaci\u00f3n religiosa en todos los niveles.<\/p>\n<\/div>\n<\/div>\n<\/div>\n<\/div>\n<\/div>\n<\/div>\n<\/div>\n<p><!--vcv no format--><\/p>\n","protected":false},"excerpt":{"rendered":"<p>Ofrecemos servicios educativos en la modalidad de\u00a0educaci\u00f3n com\u00fan en 3 niveles: jardin de infantes, nivel primario y nivel secundario. Educaci\u00f3n religiosa en todos los niveles.<\/p>\n","protected":false},"author":1,"featured_media":197,"parent":0,"menu_order":0,"comment_status":"closed","ping_status":"closed","template":"","meta":[],"_links":{"self":[{"href":"https:\/\/www.nsmg.com.ar\/WP\/wp-json\/wp\/v2\/pages\/195"}],"collection":[{"href":"https:\/\/www.nsmg.com.ar\/WP\/wp-json\/wp\/v2\/pages"}],"about":[{"href":"https:\/\/www.nsmg.com.ar\/WP\/wp-json\/wp\/v2\/types\/page"}],"author":[{"embeddable":true,"href":"https:\/\/www.nsmg.com.ar\/WP\/wp-json\/wp\/v2\/users\/1"}],"replies":[{"embeddable":true,"href":"https:\/\/www.nsmg.com.ar\/WP\/wp-json\/wp\/v2\/comments?post=195"}],"version-history":[{"count":6,"href":"https:\/\/www.nsmg.com.ar\/WP\/wp-json\/wp\/v2\/pages\/195\/revisions"}],"predecessor-version":[{"id":483,"href":"https:\/\/www.nsmg.com.ar\/WP\/wp-json\/wp\/v2\/pages\/195\/revisions\/483"}],"wp:featuredmedia":[{"embeddable":true,"href":"https:\/\/www.nsmg.com.ar\/WP\/wp-json\/wp\/v2\/media\/197"}],"wp:attachment":[{"href":"https:\/\/www.nsmg.com.ar\/WP\/wp-json\/wp\/v2\/media?parent=195"}],"curies":[{"name":"wp","href":"https:\/\/api.w.org\/{rel}","templated":true}]}}