{"id":199,"date":"2018-04-13T12:44:02","date_gmt":"2018-04-13T15:44:02","guid":{"rendered":"http:\/\/www.nsmg.com.ar\/WP\/?page_id=199"},"modified":"2026-03-06T13:10:40","modified_gmt":"2026-03-06T16:10:40","slug":"nivel-inicial","status":"publish","type":"page","link":"https:\/\/www.nsmg.com.ar\/WP\/proyecto-educativo\/nivel-inicial\/","title":{"rendered":"Nivel Inicial"},"content":{"rendered":"<p><!--vcv no format--><\/p>\n<div class=\"vce-row-container\">\n<div id=\"el-a3d4603a\" class=\"vce-row vce-row--col-gap-30 vce-row-columns--top vce-row-content--top\" data-vce-do-apply=\"all el-a3d4603a\">\n<div class=\"vce-row-content\" data-vce-element-content=\"true\">\n<div id=\"el-01ba3976\" class=\"vce-col vce-col--md-100p vce-col--xs-1 vce-col--xs-last vce-col--xs-first vce-col--sm-last vce-col--sm-first vce-col--md-last vce-col--lg-last vce-col--xl-last vce-col--md-first vce-col--lg-first vce-col--xl-first\" data-vce-do-apply=\"background border el-01ba3976\">\n<div class=\"vce-col-inner\" data-vce-element-content=\"true\" data-vce-do-apply=\"padding margin el-01ba3976\">\n<div class=\"vce-text-block\">\n<div id=\"el-cf8388b8\" class=\"vce-text-block-wrapper vce\" data-vce-do-apply=\"all el-cf8388b8\">\n<div id=\"pl-199\" class=\"panel-layout\">\n<div id=\"pg-199-0\" class=\"panel-grid panel-no-style\">\n<div id=\"pgc-199-0-0\" class=\"panel-grid-cell\" data-weight=\"1\">\n<div id=\"panel-199-0-0-0\" class=\"so-panel widget widget_sow-editor panel-first-child panel-last-child\" data-index=\"0\">\n<div class=\"so-widget-sow-editor so-widget-sow-editor-base\">\n<div class=\"siteorigin-widget-tinymce textwidget\">\n<p>El objetivo del Nivel Inicial del Colegio Nuestra Se\u00f1ora de Monte Grande es formar ni\u00f1os que desarrollen su personalidad y tengan un rol activo en el proceso de ense\u00f1anza y aprendizaje, dentro de un clima de confianza.<\/p>\n<p>Consideramos muy importante que los ni\u00f1os se comprometan con valores tales como la <strong>humildad<\/strong>, el <strong>respeto<\/strong>, la <strong>confianza<\/strong>, la <strong>empat\u00eda<\/strong>, el <strong>compa\u00f1erismo<\/strong>, el <strong>amor<\/strong> y la <strong>alegr\u00eda<\/strong>.<\/p>\n<\/div>\n<\/div>\n<hr>\n<div class=\"so-widget-sow-editor so-widget-sow-editor-base\">\n<div class=\"siteorigin-widget-tinymce textwidget\">\n<blockquote><p><em>\u201cQue nadie venga a ti sin irse mejor o m\u00e1s feliz\u201d<\/em><\/p><\/blockquote>\n<p><em>Mar\u00eda Teresa de Calcuta<\/em><\/p>\n<div class=\"slider-wrapper\"><div class=\"ribbon\"><\/div><div id=\"nivoslider-5kAXh-414\" class=\"nivoSlider\" style=\"width:400px;height:200px;\"><img src=\"https:\/\/www.nsmg.com.ar\/WP\/wp-content\/uploads\/2018\/04\/WhatsApp-Image-2018-04-14-at-09.47.41-1-400x200.jpg\" alt=\"\" \/><img src=\"https:\/\/www.nsmg.com.ar\/WP\/wp-content\/uploads\/2018\/04\/WhatsApp-Image-2018-04-11-at-15.58.11-3-2-400x200.jpeg\" alt=\"\" \/><img src=\"https:\/\/www.nsmg.com.ar\/WP\/wp-content\/uploads\/2018\/04\/WhatsApp-Image-2018-04-11-at-15.58.11-2-1-400x200.jpeg\" title=\"#nivoslider-5kAXh-414-caption-0\" alt=\"\" \/><img src=\"https:\/\/www.nsmg.com.ar\/WP\/wp-content\/uploads\/2018\/04\/WhatsApp-Image-2018-04-11-at-15.57.47-2-400x200.jpeg\" alt=\"\" \/><img src=\"https:\/\/www.nsmg.com.ar\/WP\/wp-content\/uploads\/2018\/04\/20170713_093955-1-400x200.jpg\" alt=\"\" \/><img src=\"https:\/\/www.nsmg.com.ar\/WP\/wp-content\/uploads\/2018\/04\/WhatsApp-Image-2018-04-11-at-15.58.11-8-2-400x200.jpeg\" alt=\"\" \/><img src=\"https:\/\/www.nsmg.com.ar\/WP\/wp-content\/uploads\/2018\/04\/WhatsApp-Image-2018-04-11-at-15.57.47-1-1-400x200.jpeg\" alt=\"\" \/><img src=\"https:\/\/www.nsmg.com.ar\/WP\/wp-content\/uploads\/2018\/04\/WhatsApp-Image-2018-04-11-at-15.58.37-1-1-400x200.jpeg\" alt=\"\" \/><\/div><\/div><div id=\"nivoslider-5kAXh-414-caption-0\" class=\"nivo-html-caption\">Patio de Juegos Nivel Inicial<\/div><script type=\"text\/javascript\">\njQuery(window).load(function(){\n    jQuery(\"#nivoslider-5kAXh-414\").nivoSlider({\n        effect:\"fade\",\n        slices:15,\n        boxCols:8,\n        boxRows:4,\n        animSpeed:500,\n        pauseTime:3000,\n        startSlide:0,\n        directionNav:true,\n        controlNav:false,\n        controlNavThumbs:false,\n        pauseOnHover:true,\n        manualAdvance:false\n    });\n});\n<\/script>\n\n<\/div>\n<\/div>\n<\/div>\n<\/div>\n<\/div>\n<\/div>\n<\/div>\n<\/div>\n<\/div>\n<\/div>\n<\/div>\n<\/div>\n<\/div>\n<p><!--vcv no format--><\/p>\n","protected":false},"excerpt":{"rendered":"<p>El objetivo del Nivel Inicial del Colegio Nuestra Se\u00f1ora de Monte Grande es formar ni\u00f1os que desarrollen su personalidad y tengan un rol activo en el proceso de ense\u00f1anza y&hellip;<\/p>\n","protected":false},"author":1,"featured_media":200,"parent":195,"menu_order":0,"comment_status":"closed","ping_status":"closed","template":"","meta":[],"_links":{"self":[{"href":"https:\/\/www.nsmg.com.ar\/WP\/wp-json\/wp\/v2\/pages\/199"}],"collection":[{"href":"https:\/\/www.nsmg.com.ar\/WP\/wp-json\/wp\/v2\/pages"}],"about":[{"href":"https:\/\/www.nsmg.com.ar\/WP\/wp-json\/wp\/v2\/types\/page"}],"author":[{"embeddable":true,"href":"https:\/\/www.nsmg.com.ar\/WP\/wp-json\/wp\/v2\/users\/1"}],"replies":[{"embeddable":true,"href":"https:\/\/www.nsmg.com.ar\/WP\/wp-json\/wp\/v2\/comments?post=199"}],"version-history":[{"count":15,"href":"https:\/\/www.nsmg.com.ar\/WP\/wp-json\/wp\/v2\/pages\/199\/revisions"}],"predecessor-version":[{"id":16270,"href":"https:\/\/www.nsmg.com.ar\/WP\/wp-json\/wp\/v2\/pages\/199\/revisions\/16270"}],"up":[{"embeddable":true,"href":"https:\/\/www.nsmg.com.ar\/WP\/wp-json\/wp\/v2\/pages\/195"}],"wp:featuredmedia":[{"embeddable":true,"href":"https:\/\/www.nsmg.com.ar\/WP\/wp-json\/wp\/v2\/media\/200"}],"wp:attachment":[{"href":"https:\/\/www.nsmg.com.ar\/WP\/wp-json\/wp\/v2\/media?parent=199"}],"curies":[{"name":"wp","href":"https:\/\/api.w.org\/{rel}","templated":true}]}}