{"id":31,"date":"2018-03-20T17:32:19","date_gmt":"2018-03-20T20:32:19","guid":{"rendered":"http:\/\/www.nsmg.com.ar\/WP\/?page_id=31"},"modified":"2020-08-07T11:11:32","modified_gmt":"2020-08-07T14:11:32","slug":"congregacion-de-las-siervas-de-maria","status":"publish","type":"page","link":"https:\/\/www.nsmg.com.ar\/WP\/comunidad\/congregacion-de-las-siervas-de-maria\/","title":{"rendered":"Congregaci\u00f3n de Las Siervas de Mar\u00eda de Anglet"},"content":{"rendered":"<p><!--vcv no format--><\/p>\n<div class=\"vce-row-container\">\n<div id=\"el-9f71b274\" class=\"vce-row vce-row--col-gap-30 vce-row-columns--top vce-row-content--top\" data-vce-do-apply=\"all el-9f71b274\">\n<div class=\"vce-row-content\" data-vce-element-content=\"true\">\n<div id=\"el-d5c0bebf\" class=\"vce-col vce-col--md-100p vce-col--xs-1 vce-col--xs-last vce-col--xs-first vce-col--sm-last vce-col--sm-first vce-col--md-last vce-col--lg-last vce-col--xl-last vce-col--md-first vce-col--lg-first vce-col--xl-first\" data-vce-do-apply=\"background border el-d5c0bebf\">\n<div class=\"vce-col-inner\" data-vce-element-content=\"true\" data-vce-do-apply=\"padding margin el-d5c0bebf\">\n<div class=\"vce-text-block\">\n<div id=\"el-ee295b23\" class=\"vce-text-block-wrapper vce\" data-vce-do-apply=\"all el-ee295b23\">\n<p><strong><a href=\"https:\/\/www.servantesdemarie.com\/\" target=\"_blank\" rel=\"noopener\">https:\/\/www.servantesdemarie.com\/<\/a><\/strong><\/p>\n<p>La congregaci\u00f3n es un grupo humano que tiene como estilo de vida seguir a Jes\u00fas.<br \/>\n<strong>Las<\/strong> <strong>Siervas de Mar\u00eda<\/strong>\u00a0<strong>de Anglet<\/strong> es una congregaci\u00f3n educadora cuya misi\u00f3n es devolverle a la gente las ganas de vivir, hacer conocer y amar a Mar\u00eda, los pobres y el trabajo.<\/p>\n<p>Nuestra Congregaci\u00f3n tiene en Goya, Corrientes, el <strong>Hogar Mar\u00eda Belem<\/strong> y en Florencio Varela, la <strong>Casa de la mujer<\/strong>.<\/p>\n<h2>Sus sedes<\/h2>\n<h3>En Am\u00e9rica Latina<\/h3>\n<ul>\n<li>Uruguay: Montevideo.<\/li>\n<li>Paraguay: San Juan Bautista de las Misiones.<\/li>\n<li>Argentina:\n<ul>\n<li>Instituto Nuestra Se\u00f1ora de Monte Grande, Esteban Echeverr\u00eda, Buenos Aires.<\/li>\n<li>Santiago del Estero,<\/li>\n<li>Goya, Corrientes<\/li>\n<li>Florencio Varela, Buenos Aires<\/li>\n<li>Llavallol, Buenos Aires.<\/li>\n<\/ul>\n<\/li>\n<\/ul>\n<h3>En el mundo<\/h3>\n<p>Francia &#8211; Espa\u00f1a &#8211; Costa de Marfil &#8211; India<\/p>\n<\/div>\n<\/div>\n<\/div>\n<\/div>\n<\/div>\n<\/div>\n<\/div>\n<p><!--vcv no format--><\/p>\n","protected":false},"excerpt":{"rendered":"<p>https:\/\/www.servantesdemarie.com\/ La congregaci\u00f3n es un grupo humano que tiene como estilo de vida seguir a Jes\u00fas. Las Siervas de Mar\u00eda\u00a0de Anglet es una congregaci\u00f3n educadora cuya misi\u00f3n es devolverle a&hellip;<\/p>\n","protected":false},"author":1,"featured_media":0,"parent":541,"menu_order":0,"comment_status":"closed","ping_status":"closed","template":"","meta":[],"_links":{"self":[{"href":"https:\/\/www.nsmg.com.ar\/WP\/wp-json\/wp\/v2\/pages\/31"}],"collection":[{"href":"https:\/\/www.nsmg.com.ar\/WP\/wp-json\/wp\/v2\/pages"}],"about":[{"href":"https:\/\/www.nsmg.com.ar\/WP\/wp-json\/wp\/v2\/types\/page"}],"author":[{"embeddable":true,"href":"https:\/\/www.nsmg.com.ar\/WP\/wp-json\/wp\/v2\/users\/1"}],"replies":[{"embeddable":true,"href":"https:\/\/www.nsmg.com.ar\/WP\/wp-json\/wp\/v2\/comments?post=31"}],"version-history":[{"count":10,"href":"https:\/\/www.nsmg.com.ar\/WP\/wp-json\/wp\/v2\/pages\/31\/revisions"}],"predecessor-version":[{"id":4759,"href":"https:\/\/www.nsmg.com.ar\/WP\/wp-json\/wp\/v2\/pages\/31\/revisions\/4759"}],"up":[{"embeddable":true,"href":"https:\/\/www.nsmg.com.ar\/WP\/wp-json\/wp\/v2\/pages\/541"}],"wp:attachment":[{"href":"https:\/\/www.nsmg.com.ar\/WP\/wp-json\/wp\/v2\/media?parent=31"}],"curies":[{"name":"wp","href":"https:\/\/api.w.org\/{rel}","templated":true}]}}