{"id":319,"date":"2018-04-14T15:36:34","date_gmt":"2018-04-14T18:36:34","guid":{"rendered":"http:\/\/www.nsmg.com.ar\/WP\/?page_id=319"},"modified":"2023-10-10T21:41:37","modified_gmt":"2023-10-11T00:41:37","slug":"nivel-primario","status":"publish","type":"page","link":"https:\/\/www.nsmg.com.ar\/WP\/proyecto-educativo\/nivel-primario\/","title":{"rendered":"Nivel Primario"},"content":{"rendered":"<p><!--vcv no format--><\/p>\n<div class=\"vce-row-container\">\n<div id=\"el-be5a6126\" class=\"vce-row vce-row--col-gap-30 vce-row-equal-height vce-row-columns--top vce-row-content--middle\" data-vce-do-apply=\"all el-be5a6126\">\n<div class=\"vce-content-background-container\">\n<p>La Escuela Primaria busca ofrecer propuestas pedag\u00f3gico-did\u00e1cticas que favorezcan el desarrollo integral de sus alumnos\/as, a trav\u00e9s de experiencias que potencien las siguientes capacidades: pensamiento cr\u00edtico, aprendizaje aut\u00f3nomo, comunicaci\u00f3n y expresi\u00f3n, trabajo colaborativo, ciudadan\u00eda democr\u00e1tica y resoluci\u00f3n de problemas.<\/p>\n<p>Siguiendo el carisma institucional, valoramos el trabajo como don de Dios y vemos en cada persona un artesano de su propio desarrollo.<\/p>\n<p>La Escuela Primaria comprende un per\u00edodo de seis a\u00f1os dividido en dos ciclos.<\/p>\n<ul>\n<li>Primer Ciclo: que abarca la Unidad Pedag\u00f3gica (1\u00ba y 2\u00ba a\u00f1o) y 3\u00ba a\u00f1o.<\/li>\n<li>Segundo Ciclo: 4\u00ba, 5\u00ba y 6\u00ba a\u00f1o.<\/li>\n<\/ul>\n<p>Cada a\u00f1o cuenta con 3 secciones, (A, B y C) sumando un total de 18 cursos.<\/p>\n<p>Los alumnos trabajan las \u00e1reas de Pr\u00e1cticas del Lenguaje, Matem\u00e1tica, Ciencias Sociales y Ciencias Naturales de manera articulada. Asimismo, realizan Educaci\u00f3n F\u00edsica\u00a0 en el gimnasio del colegio que se encuentra en el mismo predio y se apropian de distintos lenguajes art\u00edsticos (Artes Visuales, M\u00fasica y Danzas) a lo largo de su escolaridad.\u00a0 Adem\u00e1s, a partir del 2do ciclo, se incorpora el \u00e1rea de Ingl\u00e9s.<\/p>\n<p>Como ense\u00f1anza\u00a0 extraprogram\u00e1tica el nivel primario cuenta con el espacio de \u201cInform\u00e1tica Aplicada\u201d y \u201cCatequesis\u201d.<\/p>\n<p>Tal como sostiene la ley nacional n\u00b0 26.150 el colegio promueve la Educaci\u00f3n Sexual Integral (ESI) como eje transversal en todas las dimensiones de la persona: ser bio-psico-socio-espiritual.<\/p>\n<h3>Plan de Continuidad pedag\u00f3gica<\/h3>\n<p>El Plan de Continuidad Pedag\u00f3gica es la herramienta que permite asegurar el cumplimiento efectivo de los procesos de aprendizaje de los alumnos. Se desarrollar\u00e1n diferentes estrategias pedag\u00f3gico did\u00e1cticas para dar respuesta a los contextos sanitarios y\/o razones particulares que amenacen con interrumpir las trayectorias escolares de los alumnos.<\/p>\n<p>Este Plan es asumido por la instituci\u00f3n con la corresponsabilidad de los progenitores quienes tambi\u00e9n se comprometen a desplegar las acciones pertinentes en relaci\u00f3n a su compromiso como padres y\/o\u00a0 tutores.<\/p>\n<h3><span style=\"text-decoration: underline;\"><span style=\"color: #00ccff;\"><strong><a style=\"color: #00ccff; text-decoration: underline;\" href=\"http:\/\/www.nsmg.com.ar\/WP\/wp-content\/uploads\/2023\/10\/Organizacion-y-convivencia.-Nivel-Primario.pdf\" target=\"_blank\" rel=\"noopener\">Organizaci\u00f3n y convivencia del Nivel Primario &gt;&gt;<\/a><\/strong><\/span><\/span><\/h3>\n<\/div>\n<div class=\"vce-row-content\" data-vce-element-content=\"true\">\n<div id=\"el-25eea4b0\" class=\"vce-col vce-col--md-100p vce-col--xs-1 vce-col--xs-last vce-col--xs-first vce-col--sm-last vce-col--sm-first vce-col--md-last vce-col--lg-last vce-col--xl-last vce-col--md-first vce-col--lg-first vce-col--xl-first\" data-vce-do-apply=\"background border el-25eea4b0\">\n<div class=\"vce-col-inner\" data-vce-element-content=\"true\" data-vce-do-apply=\"padding margin el-25eea4b0\">\n<div class=\"vce-col-content\">\n<div class=\"vce-row-container\">\n<div id=\"el-69a5ea29\" class=\"vce-row vce-row--col-gap-15 vce-row-columns--top vce-row-content--top\" data-vce-do-apply=\"all el-69a5ea29\">\n<div class=\"vce-row-content\" data-vce-element-content=\"true\">\n<div id=\"el-bda45dcd\" class=\"vce-col vce-col--md-81-06p vce-col--xs-1 vce-col--xs-last vce-col--xs-first vce-col--sm-last vce-col--sm-first vce-col--md-last vce-col--lg-last vce-col--xl-last vce-col--md-first vce-col--lg-first vce-col--xl-first\" data-vce-do-apply=\"background border el-bda45dcd\">\n<div class=\"vce-col-inner\" data-vce-element-content=\"true\" data-vce-do-apply=\"padding margin el-bda45dcd\">\n<div class=\"vce-text-block\">\n<div id=\"el-d39b5f51\" class=\"vce-text-block-wrapper vce\" data-vce-do-apply=\"all el-d39b5f51\">\n<div class=\"slider-wrapper theme-light\"><div class=\"ribbon\"><\/div><div id=\"nivoslider-OOxeC-412\" class=\"nivoSlider\" style=\"width:400px;height:200px;\"><img src=\"https:\/\/www.nsmg.com.ar\/WP\/wp-content\/uploads\/2018\/04\/WhatsApp-Image-2018-03-27-at-14.42.57-400x200.jpeg\" alt=\"\" \/><img src=\"https:\/\/www.nsmg.com.ar\/WP\/wp-content\/uploads\/2018\/04\/WhatsApp-Image-2018-03-27-at-14.42.57-4-1-400x200.jpeg\" alt=\"\" \/><img src=\"https:\/\/www.nsmg.com.ar\/WP\/wp-content\/uploads\/2018\/04\/Cierre-de-Proyecto-2016-2-400x200.jpg\" alt=\"\" \/><img src=\"https:\/\/www.nsmg.com.ar\/WP\/wp-content\/uploads\/2018\/04\/WhatsApp-Image-2018-03-27-at-14.42.57-3-400x200.jpeg\" alt=\"\" \/><img src=\"https:\/\/www.nsmg.com.ar\/WP\/wp-content\/uploads\/2018\/04\/patio_exterior-400x200.jpeg\" title=\"#nivoslider-OOxeC-412-caption-0\" alt=\"\" \/><\/div><\/div><div id=\"nivoslider-OOxeC-412-caption-0\" class=\"nivo-html-caption\">Patio Exterior &#8211;  Nivel Primario<\/div><script type=\"text\/javascript\">\njQuery(window).load(function(){\n    jQuery(\"#nivoslider-OOxeC-412\").nivoSlider({\n        effect:\"slideInLeft\",\n        slices:15,\n        boxCols:8,\n        boxRows:4,\n        animSpeed:500,\n        pauseTime:3000,\n        startSlide:0,\n        directionNav:true,\n        controlNav:false,\n        controlNavThumbs:false,\n        pauseOnHover:true,\n        manualAdvance:false\n    });\n});\n<\/script>\n\n<\/div>\n<\/div>\n<\/div>\n<\/div>\n<\/div>\n<\/div>\n<\/div>\n<\/div>\n<\/div>\n<\/div>\n<\/div>\n<\/div>\n<\/div>\n<div class=\"vce-row-container\">\n<div id=\"el-6ae246b9\" class=\"vce-row vce-row--col-gap-30 vce-row-columns--top vce-row-content--top\" data-vce-do-apply=\"all el-6ae246b9\">\n<div class=\"vce-row-content\" data-vce-element-content=\"true\">\n<div id=\"el-3e8d2f9f\" class=\"vce-col vce-col--md-100p vce-col--xs-1 vce-col--xs-last vce-col--xs-first vce-col--sm-last vce-col--sm-first vce-col--md-last vce-col--lg-last vce-col--xl-last vce-col--md-first vce-col--lg-first vce-col--xl-first\" data-vce-do-apply=\"background border el-3e8d2f9f\">\n<div class=\"vce-col-inner\" data-vce-element-content=\"true\" data-vce-do-apply=\"padding margin el-3e8d2f9f\">\n<div class=\"vce-simple-image-slider\">\n<div id=\"el-c0dc0c60\" class=\"vce-simple-image-slider-wrapper vce vce-simple-image-slider-shape--rounded\" data-vce-do-apply=\"all el-c0dc0c60\">\n<div class=\"vce-simple-image-slider-helper vce-simple-image-slider-aspect-ratio--16-9\">\n<div class=\"vce-simple-image-slider-list\" data-slick-autoplay=\"on\" data-slick-autoplay-delay=\"5000\" data-slick-effect=\"slideIn\" data-slick-dots=\"off\" data-slick-arrows=\"on\" data-reactroot=\"\"><\/div>\n<\/div>\n<\/div>\n<\/div>\n<\/div>\n<\/div>\n<\/div>\n<\/div>\n<\/div>\n","protected":false},"excerpt":{"rendered":"<p>La Escuela Primaria busca ofrecer propuestas pedag\u00f3gico-did\u00e1cticas que favorezcan el desarrollo integral de sus alumnos\/as, a trav\u00e9s de experiencias que potencien las siguientes capacidades: pensamiento cr\u00edtico, aprendizaje aut\u00f3nomo, comunicaci\u00f3n y&hellip;<\/p>\n","protected":false},"author":1,"featured_media":0,"parent":195,"menu_order":0,"comment_status":"closed","ping_status":"closed","template":"","meta":[],"_links":{"self":[{"href":"https:\/\/www.nsmg.com.ar\/WP\/wp-json\/wp\/v2\/pages\/319"}],"collection":[{"href":"https:\/\/www.nsmg.com.ar\/WP\/wp-json\/wp\/v2\/pages"}],"about":[{"href":"https:\/\/www.nsmg.com.ar\/WP\/wp-json\/wp\/v2\/types\/page"}],"author":[{"embeddable":true,"href":"https:\/\/www.nsmg.com.ar\/WP\/wp-json\/wp\/v2\/users\/1"}],"replies":[{"embeddable":true,"href":"https:\/\/www.nsmg.com.ar\/WP\/wp-json\/wp\/v2\/comments?post=319"}],"version-history":[{"count":11,"href":"https:\/\/www.nsmg.com.ar\/WP\/wp-json\/wp\/v2\/pages\/319\/revisions"}],"predecessor-version":[{"id":11183,"href":"https:\/\/www.nsmg.com.ar\/WP\/wp-json\/wp\/v2\/pages\/319\/revisions\/11183"}],"up":[{"embeddable":true,"href":"https:\/\/www.nsmg.com.ar\/WP\/wp-json\/wp\/v2\/pages\/195"}],"wp:attachment":[{"href":"https:\/\/www.nsmg.com.ar\/WP\/wp-json\/wp\/v2\/media?parent=319"}],"curies":[{"name":"wp","href":"https:\/\/api.w.org\/{rel}","templated":true}]}}