{"id":33,"date":"2018-03-20T17:40:39","date_gmt":"2018-03-20T20:40:39","guid":{"rendered":"http:\/\/www.nsmg.com.ar\/WP\/?page_id=33"},"modified":"2018-03-20T17:40:39","modified_gmt":"2018-03-20T20:40:39","slug":"pilares","status":"publish","type":"page","link":"https:\/\/www.nsmg.com.ar\/WP\/pilares\/","title":{"rendered":"Pilares"},"content":{"rendered":"<h2>Pilares de Nuestra comunidad educativa<\/h2>\n<ul>\n<li>Una comunidad Servidora del Proyecto de Jes\u00fas: hacer que todos y todas tengan Vida y Vida en abundancia.<\/li>\n<li>Es sensible a las injusticias que provocan la exclusi\u00f3n de hermanos y hermanas, que responda comprometi\u00e9ndose a estas situaciones de marginaci\u00f3n, luchando contra las causas de la miseria.<\/li>\n<li>Valora el trabajo como don de Dios para colaborar en su obra creadora.<\/li>\n<li>Una comunidad donde cada persona sea artesana de su propio desarrollo, donde cada uno y cada una podr\u00e1 ser \u00e9l y ella misma.<\/li>\n<li>Vive relaciones personales verdaderas y c\u00e1lidas, construidas en una actitud de infinito respeto sin rechazo y sin exclusi\u00f3n.<\/li>\n<li>Permite una experiencia espiritual y apost\u00f3lica suficientemente rica para ser misionera y evangelizadora.<\/li>\n<\/ul>\n","protected":false},"excerpt":{"rendered":"<p>Pilares de Nuestra comunidad educativa Una comunidad Servidora del Proyecto de Jes\u00fas: hacer que todos y todas tengan Vida y Vida en abundancia. Es sensible a las injusticias que provocan&hellip;<\/p>\n","protected":false},"author":1,"featured_media":0,"parent":0,"menu_order":0,"comment_status":"closed","ping_status":"closed","template":"","meta":[],"_links":{"self":[{"href":"https:\/\/www.nsmg.com.ar\/WP\/wp-json\/wp\/v2\/pages\/33"}],"collection":[{"href":"https:\/\/www.nsmg.com.ar\/WP\/wp-json\/wp\/v2\/pages"}],"about":[{"href":"https:\/\/www.nsmg.com.ar\/WP\/wp-json\/wp\/v2\/types\/page"}],"author":[{"embeddable":true,"href":"https:\/\/www.nsmg.com.ar\/WP\/wp-json\/wp\/v2\/users\/1"}],"replies":[{"embeddable":true,"href":"https:\/\/www.nsmg.com.ar\/WP\/wp-json\/wp\/v2\/comments?post=33"}],"version-history":[{"count":1,"href":"https:\/\/www.nsmg.com.ar\/WP\/wp-json\/wp\/v2\/pages\/33\/revisions"}],"predecessor-version":[{"id":34,"href":"https:\/\/www.nsmg.com.ar\/WP\/wp-json\/wp\/v2\/pages\/33\/revisions\/34"}],"wp:attachment":[{"href":"https:\/\/www.nsmg.com.ar\/WP\/wp-json\/wp\/v2\/media?parent=33"}],"curies":[{"name":"wp","href":"https:\/\/api.w.org\/{rel}","templated":true}]}}