{"id":341,"date":"2018-04-14T16:37:56","date_gmt":"2018-04-14T19:37:56","guid":{"rendered":"http:\/\/www.nsmg.com.ar\/WP\/?page_id=341"},"modified":"2026-03-06T13:11:53","modified_gmt":"2026-03-06T16:11:53","slug":"nivel-secundario","status":"publish","type":"page","link":"https:\/\/www.nsmg.com.ar\/WP\/proyecto-educativo\/nivel-secundario\/","title":{"rendered":"Nivel Secundario"},"content":{"rendered":"<p><!--vcv no format--><\/p>\n<div class=\"vce-row-container\">\n<div id=\"el-471fc9b5\" class=\"vce-row vce-row--col-gap-30 vce-row-columns--top vce-row-content--top\" data-vce-do-apply=\"all el-471fc9b5\">\n<div class=\"vce-row-content\" data-vce-element-content=\"true\">\n<div id=\"el-f3325670\" class=\"vce-col vce-col--md-100p vce-col--xs-1 vce-col--xs-last vce-col--xs-first vce-col--sm-last vce-col--sm-first vce-col--md-last vce-col--lg-last vce-col--xl-last vce-col--md-first vce-col--lg-first vce-col--xl-first\" data-vce-do-apply=\"background border el-f3325670\">\n<div class=\"vce-col-inner\" data-vce-element-content=\"true\" data-vce-do-apply=\"padding margin el-f3325670\">\n<div class=\"vce-text-block\">\n<div id=\"el-38e36543\" class=\"vce-text-block-wrapper vce\" data-vce-do-apply=\"all el-38e36543\">\n<p>La Escuela Secundaria se propone como un \u00e1mbito en el cual nuestros alumnos, adolescentes y j\u00f3venes, puedan atravesar por experiencias significativas que les ayuden a descubrirse como personas \u00edntegras. Estas son llamadas a <strong>vivir en comunidad, en un mundo diverso y en constante cambio. <\/strong><\/p>\n<p>En tal sentido, creemos que es una ocasi\u00f3n propicia para desentra\u00f1ar los misterios de la realidad. Sostenemos que el conocimiento es indispensable para llevar a cabo esta tarea, pero al mismo tiempo, es fundamental que el mismo vaya acompa\u00f1ado del cultivo de los valores propuestos por el Gran Maestro de Vida: Jesucristo, ya que El es \u201c<strong>El Camino, la Verdad y la Vida<\/strong>\u201d.<\/p>\n<h2>\u00a0La propuesta Pedag\u00f3gica<\/h2>\n<p>A partir de una variedad de pr\u00e1cticas pedag\u00f3gicas-formativas los estudiantes ir\u00e1n sentando las bases para proyectar su propia vida.<\/p>\n<p>La Escuela Secundaria se divide en dos ciclos: el B\u00e1sico que abarca los primeros tres a\u00f1os y el Superior que abarca los \u00faltimos tres.<\/p>\n<p>En este \u00faltimo ciclo se encontrar\u00e1n con las siguientes orientaciones: Econom\u00eda y Administraci\u00f3n, Ciencias Naturales y Ciencias Sociales.<\/p>\n<p>La escuela secundaria funciona en el Turno Ma\u00f1ana.<\/p>\n<p><span style=\"color: #00ccff;\"><strong><a style=\"color: #00ccff;\" href=\"http:\/\/www.nsmg.com.ar\/WP\/wp-content\/uploads\/2022\/11\/Uniforme_secundario.pdf\" target=\"_blank\" rel=\"noopener\">-Uniforme y presentaci\u00f3n del alumnado<\/a><\/strong><\/span><\/p>\n<p><span style=\"color: #00ccff;\"><strong><a style=\"color: #00ccff;\" href=\"http:\/\/www.nsmg.com.ar\/WP\/wp-content\/uploads\/2024\/11\/PLAN-DE-APROVECHAMIENTO-DE-LA-JORNADA-ESCOLAR.pdf\">-Plan de Aprovechamiento de la Jornada Escolar.<\/a><\/strong><\/span><\/p>\n<div class=\"slider-wrapper\"><div class=\"ribbon\"><\/div><div id=\"nivoslider-4oMSR-415\" class=\"nivoSlider\"><img src=\"https:\/\/www.nsmg.com.ar\/WP\/wp-content\/uploads\/2018\/04\/slider_sec_1-1024x768.jpg\" alt=\"\" \/><img src=\"https:\/\/www.nsmg.com.ar\/WP\/wp-content\/uploads\/2018\/04\/slider_sec_2-1024x768.jpg\" alt=\"\" \/><img src=\"https:\/\/www.nsmg.com.ar\/WP\/wp-content\/uploads\/2018\/04\/slider_sec_3-1024x768.jpg\" alt=\"\" \/><img src=\"https:\/\/www.nsmg.com.ar\/WP\/wp-content\/uploads\/2018\/04\/slider_sec_4-1024x768.jpg\" alt=\"\" \/><\/div><\/div><script type=\"text\/javascript\">\njQuery(window).load(function(){\n    jQuery(\"#nivoslider-4oMSR-415\").nivoSlider({\n        effect:\"fade\",\n        slices:15,\n        boxCols:8,\n        boxRows:4,\n        animSpeed:500,\n        pauseTime:3000,\n        startSlide:0,\n        directionNav:true,\n        controlNav:false,\n        controlNavThumbs:false,\n        pauseOnHover:true,\n        manualAdvance:false\n    });\n});\n<\/script>\n\n<\/div>\n<\/div>\n<\/div>\n<\/div>\n<\/div>\n<\/div>\n<\/div>\n<p><!--vcv no format--><\/p>\n","protected":false},"excerpt":{"rendered":"<p>La Escuela Secundaria se propone como un \u00e1mbito en el cual nuestros alumnos, adolescentes y j\u00f3venes, puedan atravesar por experiencias significativas que les ayuden a descubrirse como personas \u00edntegras. Estas&hellip;<\/p>\n","protected":false},"author":1,"featured_media":0,"parent":195,"menu_order":0,"comment_status":"closed","ping_status":"closed","template":"","meta":[],"_links":{"self":[{"href":"https:\/\/www.nsmg.com.ar\/WP\/wp-json\/wp\/v2\/pages\/341"}],"collection":[{"href":"https:\/\/www.nsmg.com.ar\/WP\/wp-json\/wp\/v2\/pages"}],"about":[{"href":"https:\/\/www.nsmg.com.ar\/WP\/wp-json\/wp\/v2\/types\/page"}],"author":[{"embeddable":true,"href":"https:\/\/www.nsmg.com.ar\/WP\/wp-json\/wp\/v2\/users\/1"}],"replies":[{"embeddable":true,"href":"https:\/\/www.nsmg.com.ar\/WP\/wp-json\/wp\/v2\/comments?post=341"}],"version-history":[{"count":13,"href":"https:\/\/www.nsmg.com.ar\/WP\/wp-json\/wp\/v2\/pages\/341\/revisions"}],"predecessor-version":[{"id":16271,"href":"https:\/\/www.nsmg.com.ar\/WP\/wp-json\/wp\/v2\/pages\/341\/revisions\/16271"}],"up":[{"embeddable":true,"href":"https:\/\/www.nsmg.com.ar\/WP\/wp-json\/wp\/v2\/pages\/195"}],"wp:attachment":[{"href":"https:\/\/www.nsmg.com.ar\/WP\/wp-json\/wp\/v2\/media?parent=341"}],"curies":[{"name":"wp","href":"https:\/\/api.w.org\/{rel}","templated":true}]}}