{"id":401,"date":"2018-04-16T15:49:23","date_gmt":"2018-04-16T18:49:23","guid":{"rendered":"http:\/\/www.nsmg.com.ar\/WP\/?page_id=401"},"modified":"2018-05-03T14:18:56","modified_gmt":"2018-05-03T17:18:56","slug":"ideario","status":"publish","type":"page","link":"https:\/\/www.nsmg.com.ar\/WP\/el-colegio\/ideario\/","title":{"rendered":"Ideario"},"content":{"rendered":"<p>La Congregaci\u00f3n de Siervas de Mar\u00eda de Anglet, tomando el sue\u00f1o del Padre Luis Eduardo Cestac , ha trabajado y contin\u00faa haci\u00e9ndolo en favor de la formaci\u00f3n de hombres y mujeres con un sentido de sus vidas basado en el amor.<br \/>\nTomando a Cristo como modelo de Amor y encontrando en \u00c9l su sentido m\u00e1s pleno, las Hermanas trabajan para que nuestro colegio fomente el protagonismo cr\u00edtico y trabaje por la transformaci\u00f3n de las relaciones humanas y las estructuras sociales.<\/p>\n<p>Se destacan en nuestro Ideario la presencia de valores tales como la dignidad humana, el bien com\u00fan, el amor a los m\u00e1s desfavorecidos, al trabajo y la vida familiar. Con una reconocida impronta mariana, y haciendo vida el carisma del Padre Cestac, nos proponemos contagiar en nuestros alumnos el gusto por vivir, el amor por la sencillez, por la actividad creativa, y la belleza\u2026 Es nuestro mayor anhelo que amen todo aquello que les d\u00e9 alegr\u00eda. Y por sobre todas las cosas, creemos en la educaci\u00f3n como fuente de esperanza y transformaci\u00f3n del hombre.<\/p>\n<p>La comunidad educativa del Colegio Nuestra Se\u00f1ora de Monte Grande trabajamos para ser:<\/p>\n<p>\u2022 Una comunidad servidora del Proyecto de Jes\u00fas para que todos tengan Vida y Vida en abundancia.<\/p>\n<p>\u2022 Una comunidad sensible a las injusticias que provocan la exclusi\u00f3n de hermanos, que responda comprometi\u00e9ndose ante situaciones de marginaci\u00f3n.<\/p>\n<p>\u2022 Una comunidad educativa que valore el trabajo como don de Dios para colaborar en su obra creadora.<\/p>\n<p>\u2022 Una comunidad donde cada persona sea artesana de su propio desarrollo; donde cada uno podr\u00e1 sea fiel a su misi\u00f3n-vocaci\u00f3n.<\/p>\n","protected":false},"excerpt":{"rendered":"<p>La Congregaci\u00f3n de Siervas de Mar\u00eda de Anglet, tomando el sue\u00f1o del Padre Luis Eduardo Cestac , ha trabajado y contin\u00faa haci\u00e9ndolo en favor de la formaci\u00f3n de hombres y&hellip;<\/p>\n","protected":false},"author":1,"featured_media":136,"parent":539,"menu_order":0,"comment_status":"closed","ping_status":"closed","template":"","meta":[],"_links":{"self":[{"href":"https:\/\/www.nsmg.com.ar\/WP\/wp-json\/wp\/v2\/pages\/401"}],"collection":[{"href":"https:\/\/www.nsmg.com.ar\/WP\/wp-json\/wp\/v2\/pages"}],"about":[{"href":"https:\/\/www.nsmg.com.ar\/WP\/wp-json\/wp\/v2\/types\/page"}],"author":[{"embeddable":true,"href":"https:\/\/www.nsmg.com.ar\/WP\/wp-json\/wp\/v2\/users\/1"}],"replies":[{"embeddable":true,"href":"https:\/\/www.nsmg.com.ar\/WP\/wp-json\/wp\/v2\/comments?post=401"}],"version-history":[{"count":1,"href":"https:\/\/www.nsmg.com.ar\/WP\/wp-json\/wp\/v2\/pages\/401\/revisions"}],"predecessor-version":[{"id":402,"href":"https:\/\/www.nsmg.com.ar\/WP\/wp-json\/wp\/v2\/pages\/401\/revisions\/402"}],"up":[{"embeddable":true,"href":"https:\/\/www.nsmg.com.ar\/WP\/wp-json\/wp\/v2\/pages\/539"}],"wp:featuredmedia":[{"embeddable":true,"href":"https:\/\/www.nsmg.com.ar\/WP\/wp-json\/wp\/v2\/media\/136"}],"wp:attachment":[{"href":"https:\/\/www.nsmg.com.ar\/WP\/wp-json\/wp\/v2\/media?parent=401"}],"curies":[{"name":"wp","href":"https:\/\/api.w.org\/{rel}","templated":true}]}}