{"id":4352,"date":"2020-03-16T19:02:45","date_gmt":"2020-03-16T22:02:45","guid":{"rendered":"http:\/\/www.nsmg.com.ar\/WP\/?page_id=4352"},"modified":"2020-03-18T18:00:38","modified_gmt":"2020-03-18T21:00:38","slug":"nivel-secundario-continuidad-pedagogica","status":"publish","type":"page","link":"https:\/\/www.nsmg.com.ar\/WP\/nivel-secundario-continuidad-pedagogica\/","title":{"rendered":"Nivel Secundario &#8211; Continuidad pedag\u00f3gica"},"content":{"rendered":"<h6>Acced\u00e9 desde esta p\u00e1gina a los documentos virtuales que Nuestra Se\u00f1ora de Monte Grande pone a disposici\u00f3n de las familias.<\/h6>\n<h4>&gt;&gt;<a href=\"http:\/\/sites.google.com\/nsmg.com.ar\/plataformansmg\" target=\"_blank\" rel=\"noopener\">ACCESO A LAS CLASES<\/a><\/h4>\n<p>&nbsp;<\/p>\n<h4><a href=\"http:\/\/www.nsmg.com.ar\/WP\/nivelsecundario_formularios2020\/\">&gt;&gt;Formularios de administraci\u00f3n<\/a><\/h4>\n","protected":false},"excerpt":{"rendered":"<p>Acced\u00e9 desde esta p\u00e1gina a los documentos virtuales que Nuestra Se\u00f1ora de Monte Grande pone a disposici\u00f3n de las familias. &gt;&gt;ACCESO A LAS CLASES &nbsp; &gt;&gt;Formularios de administraci\u00f3n<\/p>\n","protected":false},"author":1,"featured_media":4351,"parent":0,"menu_order":0,"comment_status":"closed","ping_status":"closed","template":"","meta":[],"_links":{"self":[{"href":"https:\/\/www.nsmg.com.ar\/WP\/wp-json\/wp\/v2\/pages\/4352"}],"collection":[{"href":"https:\/\/www.nsmg.com.ar\/WP\/wp-json\/wp\/v2\/pages"}],"about":[{"href":"https:\/\/www.nsmg.com.ar\/WP\/wp-json\/wp\/v2\/types\/page"}],"author":[{"embeddable":true,"href":"https:\/\/www.nsmg.com.ar\/WP\/wp-json\/wp\/v2\/users\/1"}],"replies":[{"embeddable":true,"href":"https:\/\/www.nsmg.com.ar\/WP\/wp-json\/wp\/v2\/comments?post=4352"}],"version-history":[{"count":10,"href":"https:\/\/www.nsmg.com.ar\/WP\/wp-json\/wp\/v2\/pages\/4352\/revisions"}],"predecessor-version":[{"id":4401,"href":"https:\/\/www.nsmg.com.ar\/WP\/wp-json\/wp\/v2\/pages\/4352\/revisions\/4401"}],"wp:featuredmedia":[{"embeddable":true,"href":"https:\/\/www.nsmg.com.ar\/WP\/wp-json\/wp\/v2\/media\/4351"}],"wp:attachment":[{"href":"https:\/\/www.nsmg.com.ar\/WP\/wp-json\/wp\/v2\/media?parent=4352"}],"curies":[{"name":"wp","href":"https:\/\/api.w.org\/{rel}","templated":true}]}}