{"id":4413,"date":"2020-03-20T18:27:43","date_gmt":"2020-03-20T21:27:43","guid":{"rendered":"http:\/\/www.nsmg.com.ar\/WP\/?page_id=4413"},"modified":"2020-03-20T18:36:32","modified_gmt":"2020-03-20T21:36:32","slug":"estimadas-familias","status":"publish","type":"page","link":"https:\/\/www.nsmg.com.ar\/WP\/estimadas-familias\/","title":{"rendered":"Estimadas Familias"},"content":{"rendered":"<p>Ante el Decreto de Necesidad y Urgencia del Poder Ejecutivo Nacional con fecha 19\/03\/2020 la escuela permanecer\u00e1 cerrada hasta el 31 de marzo inclusive para cumplir con el \u201c<strong>aislamiento social, preventivo y obligatorio\u201d.<\/strong><\/p>\n<p>Nuestras v\u00edas de comunicaci\u00f3n para cada nivel o sector ser\u00e1n las siguientes:<br \/>\nNIVEL INICIAL: <a href=\"mailto:inicial@nsmg.com.ar\">inicial@nsmg.com.ar<\/a> en el horario de 09 a 12 hs.<\/p>\n<p>NIVEL PRIMARIO: <a href=\"mailto:primario@nsmg.com.ar\">primario@nsmg.com.ar<\/a> en el horario de 14 a 17 hs.<\/p>\n<p>NIVEL SECUNDARIO: <a href=\"mailto:secundario@nsmg.com.ar\">secundario@nsmg.com.ar<\/a> en el horario de 09 a 12 hs.<\/p>\n<p>ADMINISTRACI\u00d3N: <a href=\"mailto:administracion@nsmg.com.ar\">administraci\u00f3n@nsmg.com.ar<\/a> en el horario de 09 a 12 hs.<\/p>\n<p>Nuestro sitio web: <a href=\"http:\/\/www.nsmg.com.ar\">www.nsmg.com.ar<\/a><\/p>\n<blockquote><p>Recordamos informar al nivel correspondiente en caso de existir alg\u00fan miembro del grupo familiar en \u201csospecha\u201d, \u201cprobabilidad\u201d o \u201cconfirmaci\u00f3n\u201d de Coronavirus.<\/p><\/blockquote>\n<p><strong>TENER EN CUENTA:<\/strong><br \/>\nSe entiende por \u201csospechosa\u201d aquella persona que presenta s\u00edntomas y comienza a ser asistida seg\u00fan el protocolo de las autoridades sanitarias.<br \/>\n\u201cProbable\u201d: es aquella persona que se encuentra transitando el protocolo antes mencionado y ya se le ha descartado el virus de la Influenza.<br \/>\n\u201cConfirmado\u201d: aquella persona que da positivo al hisopado de coronavirus.<br \/>\nFrente a la aparici\u00f3n de s\u00edntomas llamar al 148.<\/p>\n<p>&nbsp;<\/p>\n","protected":false},"excerpt":{"rendered":"<p>Ante el Decreto de Necesidad y Urgencia del Poder Ejecutivo Nacional con fecha 19\/03\/2020 la escuela permanecer\u00e1 cerrada hasta el 31 de marzo inclusive para cumplir con el \u201caislamiento social,&hellip;<\/p>\n","protected":false},"author":1,"featured_media":0,"parent":0,"menu_order":0,"comment_status":"closed","ping_status":"closed","template":"","meta":[],"_links":{"self":[{"href":"https:\/\/www.nsmg.com.ar\/WP\/wp-json\/wp\/v2\/pages\/4413"}],"collection":[{"href":"https:\/\/www.nsmg.com.ar\/WP\/wp-json\/wp\/v2\/pages"}],"about":[{"href":"https:\/\/www.nsmg.com.ar\/WP\/wp-json\/wp\/v2\/types\/page"}],"author":[{"embeddable":true,"href":"https:\/\/www.nsmg.com.ar\/WP\/wp-json\/wp\/v2\/users\/1"}],"replies":[{"embeddable":true,"href":"https:\/\/www.nsmg.com.ar\/WP\/wp-json\/wp\/v2\/comments?post=4413"}],"version-history":[{"count":4,"href":"https:\/\/www.nsmg.com.ar\/WP\/wp-json\/wp\/v2\/pages\/4413\/revisions"}],"predecessor-version":[{"id":4419,"href":"https:\/\/www.nsmg.com.ar\/WP\/wp-json\/wp\/v2\/pages\/4413\/revisions\/4419"}],"wp:attachment":[{"href":"https:\/\/www.nsmg.com.ar\/WP\/wp-json\/wp\/v2\/media?parent=4413"}],"curies":[{"name":"wp","href":"https:\/\/api.w.org\/{rel}","templated":true}]}}