{"id":507,"date":"2018-04-23T09:47:17","date_gmt":"2018-04-23T12:47:17","guid":{"rendered":"http:\/\/www.nsmg.com.ar\/WP\/?page_id=507"},"modified":"2019-10-27T16:14:11","modified_gmt":"2019-10-27T19:14:11","slug":"60-anos-de-nuestra-senora","status":"publish","type":"page","link":"https:\/\/www.nsmg.com.ar\/WP\/60-anos-de-nuestra-senora\/","title":{"rendered":"60 a\u00f1os de Nuestra Se\u00f1ora"},"content":{"rendered":"<p>El colegio Nuestra Se\u00f1ora de Monte Grande cumple 60 a\u00f1os ininterrumpidos de actividad y lo festeja con toda su comunidad educativa.<br \/>\nVea la galeria de im\u00e1genes.<\/p>\n<div class=\"slider-wrapper\"><div class=\"ribbon\"><\/div><div id=\"nivoslider-39AiN-511\" class=\"nivoSlider\"><img src=\"https:\/\/www.nsmg.com.ar\/WP\/wp-content\/uploads\/2018\/04\/cumple_nsmg_01.jpg\" alt=\"\" \/><img src=\"https:\/\/www.nsmg.com.ar\/WP\/wp-content\/uploads\/2018\/04\/cumple_nsmg_04.jpg\" alt=\"\" \/><img src=\"https:\/\/www.nsmg.com.ar\/WP\/wp-content\/uploads\/2018\/04\/cumple_nsmg_03.jpg\" alt=\"\" \/><img src=\"https:\/\/www.nsmg.com.ar\/WP\/wp-content\/uploads\/2018\/04\/cumple_nsmg_06.jpg\" alt=\"\" \/><img src=\"https:\/\/www.nsmg.com.ar\/WP\/wp-content\/uploads\/2018\/04\/cumple_nsmg_02.jpg\" alt=\"\" \/><img src=\"https:\/\/www.nsmg.com.ar\/WP\/wp-content\/uploads\/2018\/04\/cumple_nsmg_05.jpg\" alt=\"\" \/><\/div><\/div><script type=\"text\/javascript\">\njQuery(window).load(function(){\n    jQuery(\"#nivoslider-39AiN-511\").nivoSlider({\n        effect:\"fade\",\n        slices:15,\n        boxCols:8,\n        boxRows:4,\n        animSpeed:500,\n        pauseTime:3000,\n        startSlide:0,\n        directionNav:true,\n        controlNav:false,\n        controlNavThumbs:false,\n        pauseOnHover:true,\n        manualAdvance:false\n    });\n});\n<\/script>\n\n","protected":false},"excerpt":{"rendered":"<p>El colegio Nuestra Se\u00f1ora de Monte Grande cumple 60 a\u00f1os ininterrumpidos de actividad y lo festeja con toda su comunidad educativa. Vea la galeria de im\u00e1genes.<\/p>\n","protected":false},"author":2,"featured_media":185,"parent":0,"menu_order":0,"comment_status":"closed","ping_status":"closed","template":"","meta":[],"_links":{"self":[{"href":"https:\/\/www.nsmg.com.ar\/WP\/wp-json\/wp\/v2\/pages\/507"}],"collection":[{"href":"https:\/\/www.nsmg.com.ar\/WP\/wp-json\/wp\/v2\/pages"}],"about":[{"href":"https:\/\/www.nsmg.com.ar\/WP\/wp-json\/wp\/v2\/types\/page"}],"author":[{"embeddable":true,"href":"https:\/\/www.nsmg.com.ar\/WP\/wp-json\/wp\/v2\/users\/2"}],"replies":[{"embeddable":true,"href":"https:\/\/www.nsmg.com.ar\/WP\/wp-json\/wp\/v2\/comments?post=507"}],"version-history":[{"count":5,"href":"https:\/\/www.nsmg.com.ar\/WP\/wp-json\/wp\/v2\/pages\/507\/revisions"}],"predecessor-version":[{"id":4110,"href":"https:\/\/www.nsmg.com.ar\/WP\/wp-json\/wp\/v2\/pages\/507\/revisions\/4110"}],"wp:featuredmedia":[{"embeddable":true,"href":"https:\/\/www.nsmg.com.ar\/WP\/wp-json\/wp\/v2\/media\/185"}],"wp:attachment":[{"href":"https:\/\/www.nsmg.com.ar\/WP\/wp-json\/wp\/v2\/media?parent=507"}],"curies":[{"name":"wp","href":"https:\/\/api.w.org\/{rel}","templated":true}]}}