{"id":532,"date":"2018-05-03T14:11:01","date_gmt":"2018-05-03T17:11:01","guid":{"rendered":"http:\/\/www.nsmg.com.ar\/WP\/?page_id=532"},"modified":"2018-05-04T09:18:09","modified_gmt":"2018-05-04T12:18:09","slug":"cestac","status":"publish","type":"page","link":"https:\/\/www.nsmg.com.ar\/WP\/el-colegio\/cestac\/","title":{"rendered":"Nuestro Fundador"},"content":{"rendered":"<p><img decoding=\"async\" loading=\"lazy\" class=\"size-medium wp-image-543 alignright\" src=\"http:\/\/www.nsmg.com.ar\/WP\/wp-content\/uploads\/2018\/05\/IMG_7822-225x300.jpg\" alt=\"\" width=\"225\" height=\"300\" \/><\/p>\n<h2>BEATO LUIS EDUARDO CESTAC<\/h2>\n<h3><strong>Sacerdote y fundador<\/strong><\/h3>\n<p><strong>1801-1868<\/strong><\/p>\n<h4>Formaci\u00f3n: Un joven talentoso<\/h4>\n<p>Nace en Bayona, Francia, en 1801, en una familia cristiana, c\u00e1lida y unida. Su vida quedar\u00e1 marcada por su educaci\u00f3n familiar y en especial por la atenci\u00f3n a los pobres y el compartir con ellos, lo que tiene.<\/p>\n<p>A los 15 a\u00f1os entra en el peque\u00f1o Seminario (d\u00b4Aire sur Adour) y en 1820 va al Seminario de San Sulpicio a Par\u00eds. La trayectoria de un alumno talentoso: m\u00fasico, apasionado por las matem\u00e1ticas, la filosof\u00eda\u2026 En 1822 vuelve a Bayona por razones de salud. El Obispo lo env\u00eda a ense\u00f1ar al Peque\u00f1o Seminario de Larressore, orden\u00e1ndolo sacerdote el 17 de diciembre de 1825: el consagra \u201csus manos, su coraz\u00f3n, toda su persona\u201d a la Virgen Mar\u00eda.<\/p>\n<h4>Joven sacerdote: Un pionero<\/h4>\n<p>A los 30 a\u00f1os es nombrado Vicario en la Catedral de Bayona encargado de los pobres del suburbio. El profesor se convierte en pastor con iniciativas inesperadas. Afectado particularmente por la situaci\u00f3n de las ni\u00f1as abandonadas, \u00e9l responde a este llamado de Dios, recibi\u00e9ndolas muy pobremente en un local prestado. Pero otra fuerte situaci\u00f3n lo vuelve a afectar, lo que lo lleva a recibir a dos j\u00f3venes prostitutas que desean dejar la calle. Despu\u00e9s de rezar y discernir, sin medios y generalmente criticado, \u00e9l tiene la inspiraci\u00f3n de \u201cdarles una familia\u201d. Cuenta con dos apoyos: La Virgen Mar\u00eda, su inspiradora, su sost\u00e9n y algunas voluntarias, incluyendo su propia hermana, Elisa.<\/p>\n<h4>Nuestra Se\u00f1ora del Refugio: Un lugar de libertad<\/h4>\n<p><strong>El Padre Cestac<\/strong> no tiene un proyecto preestablecido, reza y discierne el plan de Dios. La experiencia espiritual en el Santuario de Buglose, el 19 de julio de 1838, es decisiva. Pide a la Virgen el dinero necesario para recibir a esas j\u00f3venes: el escuch\u00f3 de Ella decir estas palabras: \u201cNo me pidas sino mi Esp\u00edritu\u201d. De ahora en m\u00e1s \u00e9l est\u00e1 convencido de que todo ser\u00e1 la obra de Mar\u00eda.<\/p>\n<p>Con un cr\u00e9dito compra la propiedad \u201cChateauneuf\u201d, en Anglet, lo que se convertir\u00e1 en Nuestra Se\u00f1ora del Refugio. Contra las costumbres de ese momento, esas j\u00f3venes trabajan al aire libre, sin muros, ni clausuras, ellas encuentran, sobre todo una vida de familia.<\/p>\n<h4>Fundador: A pesar de todo\u2026<\/h4>\n<p>Las educadoras voluntarias hacen una elecci\u00f3n de los valores evang\u00e9licos que \u00e9l vive y propone. El 6 de enero de 1842, catorce de ellas, hacen su primer compromiso religioso, es as\u00ed como se funda la Congregaci\u00f3n de las Siervas de Mar\u00eda.<\/p>\n<p>En 1851, la familia religiosa se enriquece con una comunidad contemplativa, el Monasterio de San Bernardo. Esta nace del deseo de algunas \u201cj\u00f3venes arrepentidas\u201d que quieren vivir totalmente consagradas a Dios.<\/p>\n<h4>Un agricultor de vanguardia<\/h4>\n<p>Con la llegada de las j\u00f3venes a Anglet el <strong>Padre Cestac<\/strong> se enfrenta a la situaci\u00f3n dif\u00edcil en que se encuentra la agricultura del pa\u00eds. Es as\u00ed que, para alimentar a esta gran familia, \u00e9l buscar\u00e1 mejorarla y se inicia en los nuevos m\u00e9todos haciendo de Nuestra Se\u00f1ora del Refugio un lugar de experimentaci\u00f3n. Fabrica abonos biol\u00f3gicos para fertilizar los campos, siembra pinos para detener el avance de las dunas y selecciona la cr\u00eda de los animales.<\/p>\n<p>Ansioso de compartir sus descubrimientos con los agricultores de la zona, participa activamente en emprendimientos agr\u00edcolas.<\/p>\n<h4>Un educador sabio<\/h4>\n<p>Despu\u00e9s de haber recibido a las j\u00f3venes con dificultades, contribuye a la educaci\u00f3n de las chicas del campo; le parece importante un trabajo previo para ir al origen del problema. A partir de 1850, el <strong>Padre Cestac<\/strong> abre y desarrolla escuelas rurales para las chicas.<\/p>\n<p>Vela para que la educaci\u00f3n est\u00e9 fundada en el respeto de la persona, de su libertad, en la firmeza y la dulzura, el trabajo y sobre todo busca que las ni\u00f1as y las j\u00f3venes aprendan a conocer, amar y rezar a Mar\u00eda, para llegar a ser otro Jes\u00fas.<\/p>\n<h4>Un hombre de oraci\u00f3n<\/h4>\n<p>\u201cEntiendo, debo ser ante todo un hombre de oraci\u00f3n\u201d. La oraci\u00f3n del <strong>Padre Cestac<\/strong> se alimenta cotidianamente de las Escrituras, esto impregna sus pensamientos y sus escritos.<\/p>\n<p>Para \u00e9l \u201cla oraci\u00f3n es nuestro consuelo y nuestro tesoro\u201d. El aconseja frecuentemente rezar antes de realizar una acci\u00f3n o tomar una decisi\u00f3n. Sobre todo hay que rezar con confianza: \u201cNuestra esperanza es la oraci\u00f3n, la oraci\u00f3n hecha con confianza\u201d. Esta confianza se dirige muchas veces a Mar\u00eda. \u201cRecen, recen a la Madre Admirable,&#8230; ella es tan buena\u201d. Atento a los signos de Dios manifestados en lo cotidiano, \u00e9l nos invita a cultivar el agradecimiento.<\/p>\n<h4>Servidor de Mar\u00eda<\/h4>\n<p>Para \u00e9l Mar\u00eda es nuestra Madre a la que siempre hay que conocer y amar m\u00e1s.<\/p>\n<p>El invita a cada uno a conocerla y amarla como la mejor de las madres: amarla y hablar con ella, como un ni\u00f1o ama y habla a su madre, buscando alivio y consuelo, confi\u00e1ndole todas sus penas. El tiene confianza sin l\u00edmites en esa madre.<\/p>\n<p>\u201cTuve una fuerte experiencia de su cuidado y de las bondades maternales de la Santa Madre\u201d.<\/p>\n<h4>\u00a0Un hombre de relaci\u00f3n<\/h4>\n<p>A lo largo de su vida, el<strong> Padre Cestac<\/strong> establece numerosas relaciones y de manera especial con sacerdotes que deseaban la presencia de las Siervas de Mar\u00eda en las diversas di\u00f3cesis de Francia y de Espa\u00f1a. El se rodea de buenos consejeros antes de tomar una decisi\u00f3n.<\/p>\n<h4>Amigo de los pobres<\/h4>\n<p>\u201cMi vida pas\u00f3 en medio de los pobres y peque\u00f1os; los amo y siento todo lo que se les debe de inter\u00e9s y de amor\u201d.<\/p>\n<p>En todo momento \u00e9l tiene la preocupaci\u00f3n por la justicia y el respeto de cada persona. Hombre sensible y de una gran bondad, dio todo lo que ten\u00eda y se hizo todo por todos.<\/p>\n<h4>Un testigo para nuestros d\u00edas<\/h4>\n<p>Por todos lados donde pas\u00f3 el \u201cBon P\u00e9re, sembr\u00f3 vida. Muri\u00f3 el 27 de marzo de 1868 en <strong>Nuestra Se\u00f1ora del Refugio<\/strong>. La influencia que irradiaba lo hac\u00eda parecer un santo.<\/p>\n<p>Hoy, nuestro mundo sigue conociendo, aqu\u00ed y en otros lugares, los desaf\u00edos a los que intent\u00f3 responder: respeto de la vida y de todo ser humano, respeto de los derechos del ni\u00f1o y de la mujer, defensa de la naturaleza\u2026.<\/p>\n","protected":false},"excerpt":{"rendered":"<p>BEATO LUIS EDUARDO CESTAC Sacerdote y fundador 1801-1868 Formaci\u00f3n: Un joven talentoso Nace en Bayona, Francia, en 1801, en una familia cristiana, c\u00e1lida y unida. Su vida quedar\u00e1 marcada por&hellip;<\/p>\n","protected":false},"author":2,"featured_media":0,"parent":539,"menu_order":0,"comment_status":"closed","ping_status":"closed","template":"","meta":[],"_links":{"self":[{"href":"https:\/\/www.nsmg.com.ar\/WP\/wp-json\/wp\/v2\/pages\/532"}],"collection":[{"href":"https:\/\/www.nsmg.com.ar\/WP\/wp-json\/wp\/v2\/pages"}],"about":[{"href":"https:\/\/www.nsmg.com.ar\/WP\/wp-json\/wp\/v2\/types\/page"}],"author":[{"embeddable":true,"href":"https:\/\/www.nsmg.com.ar\/WP\/wp-json\/wp\/v2\/users\/2"}],"replies":[{"embeddable":true,"href":"https:\/\/www.nsmg.com.ar\/WP\/wp-json\/wp\/v2\/comments?post=532"}],"version-history":[{"count":6,"href":"https:\/\/www.nsmg.com.ar\/WP\/wp-json\/wp\/v2\/pages\/532\/revisions"}],"predecessor-version":[{"id":545,"href":"https:\/\/www.nsmg.com.ar\/WP\/wp-json\/wp\/v2\/pages\/532\/revisions\/545"}],"up":[{"embeddable":true,"href":"https:\/\/www.nsmg.com.ar\/WP\/wp-json\/wp\/v2\/pages\/539"}],"wp:attachment":[{"href":"https:\/\/www.nsmg.com.ar\/WP\/wp-json\/wp\/v2\/media?parent=532"}],"curies":[{"name":"wp","href":"https:\/\/api.w.org\/{rel}","templated":true}]}}