{"id":58,"date":"2018-03-20T19:12:19","date_gmt":"2018-03-20T22:12:19","guid":{"rendered":"http:\/\/www.nsmg.com.ar\/WP\/?page_id=58"},"modified":"2018-05-03T14:20:11","modified_gmt":"2018-05-03T17:20:11","slug":"historia-del-colegio-nuestra-senora-de-monte-grande","status":"publish","type":"page","link":"https:\/\/www.nsmg.com.ar\/WP\/el-colegio\/historia-del-colegio-nuestra-senora-de-monte-grande\/","title":{"rendered":"Nuestra Historia"},"content":{"rendered":"<p>En 1958 se inaugur\u00f3 el colegio Nuestra Se\u00f1ora de Monte Grande, como respuesta al pedido que les hicieron a las Siervas de Mar\u00eda de abrir un colegio religioso en Monte Grande.<\/p>\n<p>Su fundadora fue la hermana Redentor perteneciente a la congregaci\u00f3n de las Siervas de Mar\u00eda de Anglet, la cual hab\u00eda venido desde Francia.<\/p>\n<p>El 17 de abril de 1958 se iniciaron las clases con ocho alumnos.\u00a0En sus comienzos s\u00f3lo se tomaban alumnos de primero a tercer grado. Luego fueron incorpor\u00e1ndose los siguientes niveles y, a partir de 1971, el secundario comenz\u00f3 a ser mixto.<\/p>\n<p class=\"style13\"><span lang=\"ES\">Hacia 1976, el Colegio Nuestra Se\u00f1ora ya ten\u00eda m\u00e1s de una d\u00e9cada de producir promociones de egresados secundarios (primero maestras, despu\u00e9s bachilleratos) para Monte Grande. Eran tiempos de mucho rigor en la disciplina, el uniforme y las exigencias en el rendimiento escolar. Quedaban todav\u00eda en el colegio las docentes que se hab\u00edan iniciado en sus funciones con la fundaci\u00f3n del colegio. <\/span><\/p>\n<p class=\"style13\"><span lang=\"ES\">Eran tiempos en los que se realizaban muchos proyectos escolares, como la organizaci\u00f3n de coros que participaban fuera del colegio, u otros proyectos m\u00e1s modestos, pero importantes adentro de la instituci\u00f3n como la realizaci\u00f3n de peri\u00f3dicos escolares impresos con mime\u00f3grafo. <\/span><\/p>\n<p class=\"style13\"><span lang=\"ES\">El colegio tambi\u00e9n crec\u00eda ediliciamente. Las comisiones de padres, muy activas, lograban, a trav\u00e9s de la convocatoria a la comunidad, reunir fondos para ampliar las instalaciones. Se completaba el segundo piso del secundario y se desarrollaba el proyecto del gimnasio, que se situ\u00f3 en la zona del antiguo parque. <\/span><\/p>\n<p class=\"style13\"><span lang=\"ES\">Al promediar los 80&#8242;, el colegio segu\u00eda creciendo, en edificio, en cantidad de alumnos y en calidad de tarea educativa. <\/span><\/p>\n<p>En el a\u00f1o 2018, el Colegio ha cumplido 60 a\u00f1os.<\/p>\n","protected":false},"excerpt":{"rendered":"<p>En 1958 se inaugur\u00f3 el colegio Nuestra Se\u00f1ora de Monte Grande, como respuesta al pedido que les hicieron a las Siervas de Mar\u00eda de abrir un colegio religioso en Monte&hellip;<\/p>\n","protected":false},"author":1,"featured_media":182,"parent":539,"menu_order":0,"comment_status":"closed","ping_status":"closed","template":"","meta":[],"_links":{"self":[{"href":"https:\/\/www.nsmg.com.ar\/WP\/wp-json\/wp\/v2\/pages\/58"}],"collection":[{"href":"https:\/\/www.nsmg.com.ar\/WP\/wp-json\/wp\/v2\/pages"}],"about":[{"href":"https:\/\/www.nsmg.com.ar\/WP\/wp-json\/wp\/v2\/types\/page"}],"author":[{"embeddable":true,"href":"https:\/\/www.nsmg.com.ar\/WP\/wp-json\/wp\/v2\/users\/1"}],"replies":[{"embeddable":true,"href":"https:\/\/www.nsmg.com.ar\/WP\/wp-json\/wp\/v2\/comments?post=58"}],"version-history":[{"count":2,"href":"https:\/\/www.nsmg.com.ar\/WP\/wp-json\/wp\/v2\/pages\/58\/revisions"}],"predecessor-version":[{"id":141,"href":"https:\/\/www.nsmg.com.ar\/WP\/wp-json\/wp\/v2\/pages\/58\/revisions\/141"}],"up":[{"embeddable":true,"href":"https:\/\/www.nsmg.com.ar\/WP\/wp-json\/wp\/v2\/pages\/539"}],"wp:featuredmedia":[{"embeddable":true,"href":"https:\/\/www.nsmg.com.ar\/WP\/wp-json\/wp\/v2\/media\/182"}],"wp:attachment":[{"href":"https:\/\/www.nsmg.com.ar\/WP\/wp-json\/wp\/v2\/media?parent=58"}],"curies":[{"name":"wp","href":"https:\/\/api.w.org\/{rel}","templated":true}]}}